{"id":2231,"date":"2025-05-29T02:00:23","date_gmt":"2025-05-29T02:00:23","guid":{"rendered":"https:\/\/79bogota.com\/?page_id=2231"},"modified":"2025-06-04T06:00:49","modified_gmt":"2025-06-04T06:00:49","slug":"classic-comfort-25","status":"publish","type":"page","link":"https:\/\/79bogota.com\/en\/classic-comfort-25\/","title":{"rendered":"Classic Comfort 25"},"content":{"rendered":"<div data-elementor-type=\"wp-page\" data-elementor-id=\"2231\" class=\"elementor elementor-2231\">\n\t\t\t\t<div class=\"elementor-element elementor-element-8c3c5f2 e-flex e-con-boxed e-con e-parent\" data-id=\"8c3c5f2\" data-element_type=\"container\" data-e-type=\"container\">\n\t\t\t\t\t<div class=\"e-con-inner\">\n\t\t<div class=\"elementor-element elementor-element-6cfa7f8 e-con-full e-flex e-con e-child\" data-id=\"6cfa7f8\" data-element_type=\"container\" data-e-type=\"container\">\n\t\t<div class=\"elementor-element elementor-element-cc92890 e-con-full e-flex e-con e-child\" data-id=\"cc92890\" data-element_type=\"container\" data-e-type=\"container\">\n\t\t\t\t<div class=\"elementor-element elementor-element-9919707 elementor-widget elementor-widget-heading\" data-id=\"9919707\" data-element_type=\"widget\" data-e-type=\"widget\" data-widget_type=\"heading.default\">\n\t\t\t\t<div class=\"elementor-widget-container\">\n\t\t\t\t\t<h2 class=\"elementor-heading-title elementor-size-default\">Classic Comfort 25<\/h2>\t\t\t\t<\/div>\n\t\t\t\t<\/div>\n\t\t\t\t<div class=\"elementor-element elementor-element-e840eb7 elementor-widget elementor-widget-text-editor\" data-id=\"e840eb7\" data-element_type=\"widget\" data-e-type=\"widget\" data-widget_type=\"text-editor.default\">\n\t\t\t\t<div class=\"elementor-widget-container\">\n\t\t\t\t\t\t\t\t\t<p>In our classic rooms you will sleep in a King-size bed with 100% fine-cotton 400-thread-count sheets. Enjoy access to a private balcony with floor-to-ceiling windows.<\/p><ul class=\"wp-block-list has-inter-font-family\"><li>25m2 with private balcony.<\/li><li>King-size bed.<\/li><li>100% fine-cotton 400-thread-count sheets.<\/li><li>Private bathroom with Loto del Sur personal care products.<\/li><li>Washer and dryer in the building.<\/li><li>300 megas private internet.<\/li><li>Smart TV, includes DirecTV (DGO) and apps like Netflix and Amazon Prime.<\/li><li>Safe-deposit box.<\/li><li>Additional items upon request: ironing board and iron, extra blankets, baby kit (crib-playpen, portable bathtub).<\/li><li>Hotel services: 24-hour concierge, laundry, transportation, and personalized grocery shopping.<\/li><\/ul>\t\t\t\t\t\t\t\t<\/div>\n\t\t\t\t<\/div>\n\t\t\t\t<\/div>\n\t\t<div class=\"elementor-element elementor-element-f68c770 e-con-full e-flex e-con e-child\" data-id=\"f68c770\" data-element_type=\"container\" data-e-type=\"container\">\n\t\t\t\t<div class=\"elementor-element elementor-element-386f3a4 elementor-widget elementor-widget-image\" data-id=\"386f3a4\" data-element_type=\"widget\" data-e-type=\"widget\" data-widget_type=\"image.default\">\n\t\t\t\t<div class=\"elementor-widget-container\">\n\t\t\t\t\t\t\t\t\t\t\t\t\t\t\t<img fetchpriority=\"high\" decoding=\"async\" width=\"800\" height=\"534\" src=\"https:\/\/79bogota.com\/wp-content\/uploads\/2025\/05\/detalle-habitacion-zona-t-79bogota-79-bogota-1024x684.jpg\" class=\"attachment-large size-large wp-image-1361\" alt=\"79bogota, 79Bogota, 79bogot\u00e1, 79Bogot\u00e1\" srcset=\"https:\/\/79bogota.com\/wp-content\/uploads\/2025\/05\/detalle-habitacion-zona-t-79bogota-79-bogota-1024x684.jpg 1024w, https:\/\/79bogota.com\/wp-content\/uploads\/2025\/05\/detalle-habitacion-zona-t-79bogota-79-bogota-300x200.jpg 300w, https:\/\/79bogota.com\/wp-content\/uploads\/2025\/05\/detalle-habitacion-zona-t-79bogota-79-bogota-768x513.jpg 768w, https:\/\/79bogota.com\/wp-content\/uploads\/2025\/05\/detalle-habitacion-zona-t-79bogota-79-bogota-1536x1026.jpg 1536w, https:\/\/79bogota.com\/wp-content\/uploads\/2025\/05\/detalle-habitacion-zona-t-79bogota-79-bogota-2048x1367.jpg 2048w, https:\/\/79bogota.com\/wp-content\/uploads\/2025\/05\/detalle-habitacion-zona-t-79bogota-79-bogota-18x12.jpg 18w\" sizes=\"(max-width: 800px) 100vw, 800px\" \/>\t\t\t\t\t\t\t\t\t\t\t\t\t\t\t<\/div>\n\t\t\t\t<\/div>\n\t\t<div class=\"elementor-element elementor-element-5a2c6bc e-con-full e-flex e-con e-child\" data-id=\"5a2c6bc\" data-element_type=\"container\" data-e-type=\"container\">\n\t\t<div class=\"elementor-element elementor-element-0ea2b81 e-grid e-con-full e-con e-child\" data-id=\"0ea2b81\" data-element_type=\"container\" data-e-type=\"container\">\n\t\t\t\t<div class=\"elementor-element elementor-element-c6752d2 elementor-widget elementor-widget-image\" data-id=\"c6752d2\" data-element_type=\"widget\" data-e-type=\"widget\" data-widget_type=\"image.default\">\n\t\t\t\t<div class=\"elementor-widget-container\">\n\t\t\t\t\t\t\t\t\t\t\t\t\t\t\t<img decoding=\"async\" width=\"668\" height=\"1000\" src=\"https:\/\/79bogota.com\/wp-content\/uploads\/2025\/05\/banos-79bogota-79-bogota-2.jpg\" class=\"attachment-large size-large wp-image-1391\" alt=\"79bogota, 79Bogota, 79bogot\u00e1, 79Bogot\u00e1\" srcset=\"https:\/\/79bogota.com\/wp-content\/uploads\/2025\/05\/banos-79bogota-79-bogota-2.jpg 668w, https:\/\/79bogota.com\/wp-content\/uploads\/2025\/05\/banos-79bogota-79-bogota-2-200x300.jpg 200w, https:\/\/79bogota.com\/wp-content\/uploads\/2025\/05\/banos-79bogota-79-bogota-2-8x12.jpg 8w\" sizes=\"(max-width: 668px) 100vw, 668px\" \/>\t\t\t\t\t\t\t\t\t\t\t\t\t\t\t<\/div>\n\t\t\t\t<\/div>\n\t\t\t\t<div class=\"elementor-element elementor-element-a97120c elementor-widget elementor-widget-image\" data-id=\"a97120c\" data-element_type=\"widget\" data-e-type=\"widget\" data-widget_type=\"image.default\">\n\t\t\t\t<div class=\"elementor-widget-container\">\n\t\t\t\t\t\t\t\t\t\t\t\t\t\t\t<img decoding=\"async\" width=\"684\" height=\"1024\" src=\"https:\/\/79bogota.com\/wp-content\/uploads\/2025\/05\/detalle-bano-habitacion-zonat-79bogota-bogota-684x1024.jpg\" class=\"attachment-large size-large wp-image-1365\" alt=\"79bogota, 79Bogota, 79bogot\u00e1, 79Bogot\u00e1\" srcset=\"https:\/\/79bogota.com\/wp-content\/uploads\/2025\/05\/detalle-bano-habitacion-zonat-79bogota-bogota-684x1024.jpg 684w, https:\/\/79bogota.com\/wp-content\/uploads\/2025\/05\/detalle-bano-habitacion-zonat-79bogota-bogota-200x300.jpg 200w, https:\/\/79bogota.com\/wp-content\/uploads\/2025\/05\/detalle-bano-habitacion-zonat-79bogota-bogota-768x1150.jpg 768w, https:\/\/79bogota.com\/wp-content\/uploads\/2025\/05\/detalle-bano-habitacion-zonat-79bogota-bogota-1026x1536.jpg 1026w, https:\/\/79bogota.com\/wp-content\/uploads\/2025\/05\/detalle-bano-habitacion-zonat-79bogota-bogota-1367x2048.jpg 1367w, https:\/\/79bogota.com\/wp-content\/uploads\/2025\/05\/detalle-bano-habitacion-zonat-79bogota-bogota-8x12.jpg 8w, https:\/\/79bogota.com\/wp-content\/uploads\/2025\/05\/detalle-bano-habitacion-zonat-79bogota-bogota.jpg 1709w\" sizes=\"(max-width: 684px) 100vw, 684px\" \/>\t\t\t\t\t\t\t\t\t\t\t\t\t\t\t<\/div>\n\t\t\t\t<\/div>\n\t\t\t\t<\/div>\n\t\t\t\t<\/div>\n\t\t<div class=\"elementor-element elementor-element-eee3363 e-con-full e-flex e-con e-child\" data-id=\"eee3363\" data-element_type=\"container\" data-e-type=\"container\">\n\t\t\t\t<div class=\"elementor-element elementor-element-9685779 elementor-widget elementor-widget-image\" data-id=\"9685779\" data-element_type=\"widget\" data-e-type=\"widget\" data-widget_type=\"image.default\">\n\t\t\t\t<div class=\"elementor-widget-container\">\n\t\t\t\t\t\t\t\t\t\t\t\t\t\t\t<img loading=\"lazy\" decoding=\"async\" width=\"800\" height=\"534\" src=\"https:\/\/79bogota.com\/wp-content\/uploads\/2025\/05\/dotacion-habitacion-79bogota-79bogota-3.jpg\" class=\"attachment-large size-large wp-image-1392\" alt=\"79bogota, 79Bogota, 79bogot\u00e1, 79Bogot\u00e1\" srcset=\"https:\/\/79bogota.com\/wp-content\/uploads\/2025\/05\/dotacion-habitacion-79bogota-79bogota-3.jpg 1000w, https:\/\/79bogota.com\/wp-content\/uploads\/2025\/05\/dotacion-habitacion-79bogota-79bogota-3-300x200.jpg 300w, https:\/\/79bogota.com\/wp-content\/uploads\/2025\/05\/dotacion-habitacion-79bogota-79bogota-3-768x513.jpg 768w, https:\/\/79bogota.com\/wp-content\/uploads\/2025\/05\/dotacion-habitacion-79bogota-79bogota-3-18x12.jpg 18w\" sizes=\"(max-width: 800px) 100vw, 800px\" \/>\t\t\t\t\t\t\t\t\t\t\t\t\t\t\t<\/div>\n\t\t\t\t<\/div>\n\t\t<div class=\"elementor-element elementor-element-6e06ef0 e-grid e-con-full e-con e-child\" data-id=\"6e06ef0\" data-element_type=\"container\" data-e-type=\"container\">\n\t\t\t\t<div class=\"elementor-element elementor-element-889973e elementor-widget elementor-widget-image\" data-id=\"889973e\" data-element_type=\"widget\" data-e-type=\"widget\" data-widget_type=\"image.default\">\n\t\t\t\t<div class=\"elementor-widget-container\">\n\t\t\t\t\t\t\t\t\t\t\t\t\t\t\t<img loading=\"lazy\" decoding=\"async\" width=\"684\" height=\"1024\" src=\"https:\/\/79bogota.com\/wp-content\/uploads\/2025\/05\/detalle-habitacion-zonat-79bogota-bogota-684x1024.jpg\" class=\"attachment-large size-large wp-image-1366\" alt=\"79bogota, 79Bogota, 79bogot\u00e1, 79Bogot\u00e1\" srcset=\"https:\/\/79bogota.com\/wp-content\/uploads\/2025\/05\/detalle-habitacion-zonat-79bogota-bogota-684x1024.jpg 684w, https:\/\/79bogota.com\/wp-content\/uploads\/2025\/05\/detalle-habitacion-zonat-79bogota-bogota-200x300.jpg 200w, https:\/\/79bogota.com\/wp-content\/uploads\/2025\/05\/detalle-habitacion-zonat-79bogota-bogota-768x1150.jpg 768w, https:\/\/79bogota.com\/wp-content\/uploads\/2025\/05\/detalle-habitacion-zonat-79bogota-bogota-1026x1536.jpg 1026w, https:\/\/79bogota.com\/wp-content\/uploads\/2025\/05\/detalle-habitacion-zonat-79bogota-bogota-1367x2048.jpg 1367w, https:\/\/79bogota.com\/wp-content\/uploads\/2025\/05\/detalle-habitacion-zonat-79bogota-bogota-8x12.jpg 8w, https:\/\/79bogota.com\/wp-content\/uploads\/2025\/05\/detalle-habitacion-zonat-79bogota-bogota.jpg 1709w\" sizes=\"(max-width: 684px) 100vw, 684px\" \/>\t\t\t\t\t\t\t\t\t\t\t\t\t\t\t<\/div>\n\t\t\t\t<\/div>\n\t\t\t\t<div class=\"elementor-element elementor-element-6a76c11 elementor-widget elementor-widget-image\" data-id=\"6a76c11\" data-element_type=\"widget\" data-e-type=\"widget\" data-widget_type=\"image.default\">\n\t\t\t\t<div class=\"elementor-widget-container\">\n\t\t\t\t\t\t\t\t\t\t\t\t\t\t\t<img loading=\"lazy\" decoding=\"async\" width=\"682\" height=\"1024\" src=\"https:\/\/79bogota.com\/wp-content\/uploads\/2025\/05\/jardin-habitacion-zonat-zona-t-79bogota-79-bogota-682x1024.jpg\" class=\"attachment-large size-large wp-image-1363\" alt=\"79bogota, 79Bogota, 79bogot\u00e1, 79Bogot\u00e1\" srcset=\"https:\/\/79bogota.com\/wp-content\/uploads\/2025\/05\/jardin-habitacion-zonat-zona-t-79bogota-79-bogota-682x1024.jpg 682w, https:\/\/79bogota.com\/wp-content\/uploads\/2025\/05\/jardin-habitacion-zonat-zona-t-79bogota-79-bogota-200x300.jpg 200w, https:\/\/79bogota.com\/wp-content\/uploads\/2025\/05\/jardin-habitacion-zonat-zona-t-79bogota-79-bogota-768x1153.jpg 768w, https:\/\/79bogota.com\/wp-content\/uploads\/2025\/05\/jardin-habitacion-zonat-zona-t-79bogota-79-bogota-1023x1536.jpg 1023w, https:\/\/79bogota.com\/wp-content\/uploads\/2025\/05\/jardin-habitacion-zonat-zona-t-79bogota-79-bogota-1364x2048.jpg 1364w, https:\/\/79bogota.com\/wp-content\/uploads\/2025\/05\/jardin-habitacion-zonat-zona-t-79bogota-79-bogota-8x12.jpg 8w, https:\/\/79bogota.com\/wp-content\/uploads\/2025\/05\/jardin-habitacion-zonat-zona-t-79bogota-79-bogota.jpg 1705w\" sizes=\"(max-width: 682px) 100vw, 682px\" \/>\t\t\t\t\t\t\t\t\t\t\t\t\t\t\t<\/div>\n\t\t\t\t<\/div>\n\t\t\t\t<\/div>\n\t\t\t\t<\/div>\n\t\t\t\t<\/div>\n\t\t\t\t<\/div>\n\t\t\t\t\t<\/div>\n\t\t\t\t<\/div>\n\t\t<div class=\"elementor-element elementor-element-ab650a5 e-flex e-con-boxed e-con e-parent\" data-id=\"ab650a5\" data-element_type=\"container\" data-e-type=\"container\">\n\t\t\t\t\t<div class=\"e-con-inner\">\n\t\t<div class=\"elementor-element elementor-element-7393047 e-con-full e-flex e-con e-child\" data-id=\"7393047\" data-element_type=\"container\" data-e-type=\"container\">\n\t\t\t\t<div class=\"elementor-element elementor-element-2ac2f37 elementor-align-center elementor-widget elementor-widget-button\" data-id=\"2ac2f37\" data-element_type=\"widget\" data-e-type=\"widget\" data-widget_type=\"button.default\">\n\t\t\t\t<div class=\"elementor-widget-container\">\n\t\t\t\t\t\t\t\t\t<div class=\"elementor-button-wrapper\">\n\t\t\t\t\t<a class=\"elementor-button elementor-button-link elementor-size-sm\" href=\"https:\/\/frame2.hotelpms.io\/BookingFrameClient\/hotel\/20D26FA22E5A0FC667D1551E1AA29141\/b2f830c2-e391-4ab7-b5e3-d82110374536\/book\/rooms?currency=USD&#038;language=es-ES&#038;rp=\">\n\t\t\t\t\t\t<span class=\"elementor-button-content-wrapper\">\n\t\t\t\t\t\t\t\t\t<span class=\"elementor-button-text\">Book Now<\/span>\n\t\t\t\t\t<\/span>\n\t\t\t\t\t<\/a>\n\t\t\t\t<\/div>\n\t\t\t\t\t\t\t\t<\/div>\n\t\t\t\t<\/div>\n\t\t\t\t<\/div>\n\t\t\t\t\t<\/div>\n\t\t\t\t<\/div>\n\t\t\t\t<\/div>","protected":false},"excerpt":{"rendered":"<p>Classic Comfort 25 En nuestros cuartos cl\u00e1sicos dormir\u00e1s en una cama King-size con s\u00e1banas 100% de algod\u00f3n de 400 hilos. Disfruta de un balc\u00f3n privado con ventanas piso-techo. 25m2 con balc\u00f3n privado. Cama king-size. S\u00e1banas 100% de algod\u00f3n de 400 hilos. Ba\u00f1o privado con productos para el cuidado personal Loto del Sur. Lavadora y secadora [&hellip;]<\/p>\n","protected":false},"author":1,"featured_media":0,"parent":0,"menu_order":0,"comment_status":"closed","ping_status":"closed","template":"elementor_canvas","meta":{"footnotes":""},"class_list":["post-2231","page","type-page","status-publish","hentry"],"_links":{"self":[{"href":"https:\/\/79bogota.com\/en\/wp-json\/wp\/v2\/pages\/2231","targetHints":{"allow":["GET"]}}],"collection":[{"href":"https:\/\/79bogota.com\/en\/wp-json\/wp\/v2\/pages"}],"about":[{"href":"https:\/\/79bogota.com\/en\/wp-json\/wp\/v2\/types\/page"}],"author":[{"embeddable":true,"href":"https:\/\/79bogota.com\/en\/wp-json\/wp\/v2\/users\/1"}],"replies":[{"embeddable":true,"href":"https:\/\/79bogota.com\/en\/wp-json\/wp\/v2\/comments?post=2231"}],"version-history":[{"count":0,"href":"https:\/\/79bogota.com\/en\/wp-json\/wp\/v2\/pages\/2231\/revisions"}],"wp:attachment":[{"href":"https:\/\/79bogota.com\/en\/wp-json\/wp\/v2\/media?parent=2231"}],"curies":[{"name":"wp","href":"https:\/\/api.w.org\/{rel}","templated":true}]}}