{"id":2202,"date":"2025-05-29T00:21:40","date_gmt":"2025-05-29T00:21:40","guid":{"rendered":"https:\/\/79bogota.com\/?page_id=2202"},"modified":"2025-06-05T04:06:28","modified_gmt":"2025-06-05T04:06:28","slug":"boutique-ph-tree-view-65","status":"publish","type":"page","link":"https:\/\/79bogota.com\/en\/boutique-ph-tree-view-65\/","title":{"rendered":"Boutique PH Tree View 65"},"content":{"rendered":"<div data-elementor-type=\"wp-page\" data-elementor-id=\"2202\" class=\"elementor elementor-2202\">\n\t\t\t\t<div class=\"elementor-element elementor-element-7e0a07d e-flex e-con-boxed e-con e-parent\" data-id=\"7e0a07d\" data-element_type=\"container\" data-e-type=\"container\">\n\t\t\t\t\t<div class=\"e-con-inner\">\n\t\t<div class=\"elementor-element elementor-element-a1087dc e-flex e-con-boxed e-con e-child\" data-id=\"a1087dc\" data-element_type=\"container\" data-e-type=\"container\">\n\t\t\t\t\t<div class=\"e-con-inner\">\n\t\t<div class=\"elementor-element elementor-element-63a53df e-con-full e-flex e-con e-child\" data-id=\"63a53df\" data-element_type=\"container\" data-e-type=\"container\">\n\t\t\t\t<div class=\"elementor-element elementor-element-c6d74e0 elementor-widget elementor-widget-heading\" data-id=\"c6d74e0\" data-element_type=\"widget\" data-e-type=\"widget\" data-widget_type=\"heading.default\">\n\t\t\t\t<div class=\"elementor-widget-container\">\n\t\t\t\t\t<h2 class=\"elementor-heading-title elementor-size-default\">Boutique PH Tree View 65<\/h2>\t\t\t\t<\/div>\n\t\t\t\t<\/div>\n\t\t\t\t<div class=\"elementor-element elementor-element-cfab76d elementor-widget elementor-widget-text-editor\" data-id=\"cfab76d\" data-element_type=\"widget\" data-e-type=\"widget\" data-widget_type=\"text-editor.default\">\n\t\t\t\t<div class=\"elementor-widget-container\">\n\t\t\t\t\t\t\t\t\t<p>This extraordinary studio has a large bathroom with natural light, a bathtub and separate shower. Enjoy floor-to-ceiling windows and private access to a roof terrace with BBQ overlooking the vibrant city to the north, and the mountains to the east. With a full-sized fridge and freezer and the washing\/drying machine inside the apartment, you\u2019ll have everything you need.<\/p><ul><li>65m2 apartment with private BBQ terrace.<\/li><li>King-size bed.<\/li><li>100% fine-cotton 400-thread-count sheets.<\/li><li>One bathroom with privileged zenithal light, shower, and bathtub.<\/li><li>Loto del Sur personal care products.<\/li><li>Living area.<\/li><li>A desk.<\/li><li>Fully equipped kitchen.<\/li><li>Electric stove.<\/li><li>Full-size refrigerator with freezer.<\/li><li>Oven and kettle.<\/li><li>Nespresso or French Press.<\/li><li>Washer\/Dryer.<\/li><li>300 megas private internet.<\/li><li>Smart TV, includes DirecTV (DGO) and apps like Netflix and Amazon Prime.<\/li><li>Safe-deposit box.<\/li><li>Additional items upon request: blender, microwave, ironing board and iron, extra blankets, baby kit (crib-playpen, portable bathtub, high chair for eating, dishes and utensils).<\/li><li>Hotel services: 24-hour concierge, laundry, transportation, and personalized grocery shopping.<\/li><\/ul>\t\t\t\t\t\t\t\t<\/div>\n\t\t\t\t<\/div>\n\t\t\t\t<\/div>\n\t\t<div class=\"elementor-element elementor-element-33467e7 e-con-full e-flex e-con e-child\" data-id=\"33467e7\" data-element_type=\"container\" data-e-type=\"container\">\n\t\t\t\t<div class=\"elementor-element elementor-element-c6051a7 elementor-widget elementor-widget-image\" data-id=\"c6051a7\" data-element_type=\"widget\" data-e-type=\"widget\" data-widget_type=\"image.default\">\n\t\t\t\t<div class=\"elementor-widget-container\">\n\t\t\t\t\t\t\t\t\t\t\t\t\t\t\t<img fetchpriority=\"high\" decoding=\"async\" width=\"800\" height=\"533\" src=\"https:\/\/79bogota.com\/wp-content\/uploads\/2025\/05\/habitacion-vista-sala-79bogota-zonat-79-bogota-1024x682.jpg\" class=\"attachment-large size-large wp-image-1349\" alt=\"79bogota, 79Bogota, 79bogot\u00e1, 79Bogot\u00e1\" srcset=\"https:\/\/79bogota.com\/wp-content\/uploads\/2025\/05\/habitacion-vista-sala-79bogota-zonat-79-bogota-1024x682.jpg 1024w, https:\/\/79bogota.com\/wp-content\/uploads\/2025\/05\/habitacion-vista-sala-79bogota-zonat-79-bogota-300x200.jpg 300w, https:\/\/79bogota.com\/wp-content\/uploads\/2025\/05\/habitacion-vista-sala-79bogota-zonat-79-bogota-768x511.jpg 768w, https:\/\/79bogota.com\/wp-content\/uploads\/2025\/05\/habitacion-vista-sala-79bogota-zonat-79-bogota-1536x1023.jpg 1536w, https:\/\/79bogota.com\/wp-content\/uploads\/2025\/05\/habitacion-vista-sala-79bogota-zonat-79-bogota-2048x1364.jpg 2048w, https:\/\/79bogota.com\/wp-content\/uploads\/2025\/05\/habitacion-vista-sala-79bogota-zonat-79-bogota-18x12.jpg 18w\" sizes=\"(max-width: 800px) 100vw, 800px\" \/>\t\t\t\t\t\t\t\t\t\t\t\t\t\t\t<\/div>\n\t\t\t\t<\/div>\n\t\t<div class=\"elementor-element elementor-element-6adc773 e-con-full e-flex e-con e-child\" data-id=\"6adc773\" data-element_type=\"container\" data-e-type=\"container\">\n\t\t<div class=\"elementor-element elementor-element-a2aa9d2 e-grid e-con-full e-con e-child\" data-id=\"a2aa9d2\" data-element_type=\"container\" data-e-type=\"container\">\n\t\t\t\t<div class=\"elementor-element elementor-element-90261cd elementor-widget elementor-widget-image\" data-id=\"90261cd\" data-element_type=\"widget\" data-e-type=\"widget\" data-widget_type=\"image.default\">\n\t\t\t\t<div class=\"elementor-widget-container\">\n\t\t\t\t\t\t\t\t\t\t\t\t\t\t\t<img decoding=\"async\" width=\"683\" height=\"1024\" src=\"https:\/\/79bogota.com\/wp-content\/uploads\/2025\/05\/habitacion-cama-king-zonat-79bogota-79-bogota-turismo-683x1024.jpg\" class=\"attachment-large size-large wp-image-1350\" alt=\"habitacion-cama-king-zonat-79bogota-79-bogota-turismo\" srcset=\"https:\/\/79bogota.com\/wp-content\/uploads\/2025\/05\/habitacion-cama-king-zonat-79bogota-79-bogota-turismo-683x1024.jpg 683w, https:\/\/79bogota.com\/wp-content\/uploads\/2025\/05\/habitacion-cama-king-zonat-79bogota-79-bogota-turismo-200x300.jpg 200w, https:\/\/79bogota.com\/wp-content\/uploads\/2025\/05\/habitacion-cama-king-zonat-79bogota-79-bogota-turismo-768x1152.jpg 768w, https:\/\/79bogota.com\/wp-content\/uploads\/2025\/05\/habitacion-cama-king-zonat-79bogota-79-bogota-turismo-1024x1536.jpg 1024w, https:\/\/79bogota.com\/wp-content\/uploads\/2025\/05\/habitacion-cama-king-zonat-79bogota-79-bogota-turismo-1365x2048.jpg 1365w, https:\/\/79bogota.com\/wp-content\/uploads\/2025\/05\/habitacion-cama-king-zonat-79bogota-79-bogota-turismo-8x12.jpg 8w, https:\/\/79bogota.com\/wp-content\/uploads\/2025\/05\/habitacion-cama-king-zonat-79bogota-79-bogota-turismo.jpg 1707w\" sizes=\"(max-width: 683px) 100vw, 683px\" \/>\t\t\t\t\t\t\t\t\t\t\t\t\t\t\t<\/div>\n\t\t\t\t<\/div>\n\t\t\t\t<div class=\"elementor-element elementor-element-b477310 elementor-widget elementor-widget-image\" data-id=\"b477310\" data-element_type=\"widget\" data-e-type=\"widget\" data-widget_type=\"image.default\">\n\t\t\t\t<div class=\"elementor-widget-container\">\n\t\t\t\t\t\t\t\t\t\t\t\t\t\t\t<img decoding=\"async\" width=\"683\" height=\"1024\" src=\"https:\/\/79bogota.com\/wp-content\/uploads\/2025\/05\/habitacion-79bogota-sala-79bogota-arte-79-bogota-683x1024.jpg\" class=\"attachment-large size-large wp-image-1351\" alt=\"79bogota, 79Bogota, 79bogot\u00e1, 79Bogot\u00e1\" srcset=\"https:\/\/79bogota.com\/wp-content\/uploads\/2025\/05\/habitacion-79bogota-sala-79bogota-arte-79-bogota-683x1024.jpg 683w, https:\/\/79bogota.com\/wp-content\/uploads\/2025\/05\/habitacion-79bogota-sala-79bogota-arte-79-bogota-200x300.jpg 200w, https:\/\/79bogota.com\/wp-content\/uploads\/2025\/05\/habitacion-79bogota-sala-79bogota-arte-79-bogota-768x1152.jpg 768w, https:\/\/79bogota.com\/wp-content\/uploads\/2025\/05\/habitacion-79bogota-sala-79bogota-arte-79-bogota-1024x1536.jpg 1024w, https:\/\/79bogota.com\/wp-content\/uploads\/2025\/05\/habitacion-79bogota-sala-79bogota-arte-79-bogota-1365x2048.jpg 1365w, https:\/\/79bogota.com\/wp-content\/uploads\/2025\/05\/habitacion-79bogota-sala-79bogota-arte-79-bogota-8x12.jpg 8w, https:\/\/79bogota.com\/wp-content\/uploads\/2025\/05\/habitacion-79bogota-sala-79bogota-arte-79-bogota.jpg 1707w\" sizes=\"(max-width: 683px) 100vw, 683px\" \/>\t\t\t\t\t\t\t\t\t\t\t\t\t\t\t<\/div>\n\t\t\t\t<\/div>\n\t\t\t\t<div class=\"elementor-element elementor-element-0a44045 elementor-widget elementor-widget-image\" data-id=\"0a44045\" data-element_type=\"widget\" data-e-type=\"widget\" data-widget_type=\"image.default\">\n\t\t\t\t<div class=\"elementor-widget-container\">\n\t\t\t\t\t\t\t\t\t\t\t\t\t\t\t<img loading=\"lazy\" decoding=\"async\" width=\"683\" height=\"1024\" src=\"https:\/\/79bogota.com\/wp-content\/uploads\/2025\/05\/apartamento-cocina-equipada-zonat-79bogota-79-bogota-683x1024.jpg\" class=\"attachment-large size-large wp-image-1353\" alt=\"79bogota, 79Bogota, 79bogot\u00e1, 79Bogot\u00e1\" srcset=\"https:\/\/79bogota.com\/wp-content\/uploads\/2025\/05\/apartamento-cocina-equipada-zonat-79bogota-79-bogota-683x1024.jpg 683w, https:\/\/79bogota.com\/wp-content\/uploads\/2025\/05\/apartamento-cocina-equipada-zonat-79bogota-79-bogota-200x300.jpg 200w, https:\/\/79bogota.com\/wp-content\/uploads\/2025\/05\/apartamento-cocina-equipada-zonat-79bogota-79-bogota-768x1152.jpg 768w, https:\/\/79bogota.com\/wp-content\/uploads\/2025\/05\/apartamento-cocina-equipada-zonat-79bogota-79-bogota-1024x1536.jpg 1024w, https:\/\/79bogota.com\/wp-content\/uploads\/2025\/05\/apartamento-cocina-equipada-zonat-79bogota-79-bogota-1365x2048.jpg 1365w, https:\/\/79bogota.com\/wp-content\/uploads\/2025\/05\/apartamento-cocina-equipada-zonat-79bogota-79-bogota-8x12.jpg 8w, https:\/\/79bogota.com\/wp-content\/uploads\/2025\/05\/apartamento-cocina-equipada-zonat-79bogota-79-bogota.jpg 1707w\" sizes=\"(max-width: 683px) 100vw, 683px\" \/>\t\t\t\t\t\t\t\t\t\t\t\t\t\t\t<\/div>\n\t\t\t\t<\/div>\n\t\t\t\t<div class=\"elementor-element elementor-element-8d80aa6 elementor-widget elementor-widget-image\" data-id=\"8d80aa6\" data-element_type=\"widget\" data-e-type=\"widget\" data-widget_type=\"image.default\">\n\t\t\t\t<div class=\"elementor-widget-container\">\n\t\t\t\t\t\t\t\t\t\t\t\t\t\t\t<img loading=\"lazy\" decoding=\"async\" width=\"683\" height=\"1024\" src=\"https:\/\/79bogota.com\/wp-content\/uploads\/2025\/05\/vista-desde-habitacion-zonat-79bogota-79-bogota-683x1024.jpg\" class=\"attachment-large size-large wp-image-1352\" alt=\"79bogota, 79Bogota, 79bogot\u00e1, 79Bogot\u00e1\" srcset=\"https:\/\/79bogota.com\/wp-content\/uploads\/2025\/05\/vista-desde-habitacion-zonat-79bogota-79-bogota-683x1024.jpg 683w, https:\/\/79bogota.com\/wp-content\/uploads\/2025\/05\/vista-desde-habitacion-zonat-79bogota-79-bogota-200x300.jpg 200w, https:\/\/79bogota.com\/wp-content\/uploads\/2025\/05\/vista-desde-habitacion-zonat-79bogota-79-bogota-768x1152.jpg 768w, https:\/\/79bogota.com\/wp-content\/uploads\/2025\/05\/vista-desde-habitacion-zonat-79bogota-79-bogota-1024x1536.jpg 1024w, https:\/\/79bogota.com\/wp-content\/uploads\/2025\/05\/vista-desde-habitacion-zonat-79bogota-79-bogota-1365x2048.jpg 1365w, https:\/\/79bogota.com\/wp-content\/uploads\/2025\/05\/vista-desde-habitacion-zonat-79bogota-79-bogota-8x12.jpg 8w, https:\/\/79bogota.com\/wp-content\/uploads\/2025\/05\/vista-desde-habitacion-zonat-79bogota-79-bogota.jpg 1707w\" sizes=\"(max-width: 683px) 100vw, 683px\" \/>\t\t\t\t\t\t\t\t\t\t\t\t\t\t\t<\/div>\n\t\t\t\t<\/div>\n\t\t\t\t<div class=\"elementor-element elementor-element-403afd8 elementor-widget elementor-widget-image\" data-id=\"403afd8\" data-element_type=\"widget\" data-e-type=\"widget\" data-widget_type=\"image.default\">\n\t\t\t\t<div class=\"elementor-widget-container\">\n\t\t\t\t\t\t\t\t\t\t\t\t\t\t\t<img loading=\"lazy\" decoding=\"async\" width=\"683\" height=\"1024\" src=\"https:\/\/79bogota.com\/wp-content\/uploads\/2025\/05\/vista-zonat-zona-t-79-bogota-79bogota-683x1024.jpg\" class=\"attachment-large size-large wp-image-1354\" alt=\"79bogota, 79Bogota, 79bogot\u00e1, 79Bogot\u00e1\" srcset=\"https:\/\/79bogota.com\/wp-content\/uploads\/2025\/05\/vista-zonat-zona-t-79-bogota-79bogota-683x1024.jpg 683w, https:\/\/79bogota.com\/wp-content\/uploads\/2025\/05\/vista-zonat-zona-t-79-bogota-79bogota-200x300.jpg 200w, https:\/\/79bogota.com\/wp-content\/uploads\/2025\/05\/vista-zonat-zona-t-79-bogota-79bogota-768x1152.jpg 768w, https:\/\/79bogota.com\/wp-content\/uploads\/2025\/05\/vista-zonat-zona-t-79-bogota-79bogota-1024x1536.jpg 1024w, https:\/\/79bogota.com\/wp-content\/uploads\/2025\/05\/vista-zonat-zona-t-79-bogota-79bogota-1365x2048.jpg 1365w, https:\/\/79bogota.com\/wp-content\/uploads\/2025\/05\/vista-zonat-zona-t-79-bogota-79bogota-8x12.jpg 8w, https:\/\/79bogota.com\/wp-content\/uploads\/2025\/05\/vista-zonat-zona-t-79-bogota-79bogota.jpg 1707w\" sizes=\"(max-width: 683px) 100vw, 683px\" \/>\t\t\t\t\t\t\t\t\t\t\t\t\t\t\t<\/div>\n\t\t\t\t<\/div>\n\t\t\t\t<div class=\"elementor-element elementor-element-1a2e77a elementor-widget elementor-widget-image\" data-id=\"1a2e77a\" data-element_type=\"widget\" data-e-type=\"widget\" data-widget_type=\"image.default\">\n\t\t\t\t<div class=\"elementor-widget-container\">\n\t\t\t\t\t\t\t\t\t\t\t\t\t\t\t<img loading=\"lazy\" decoding=\"async\" width=\"684\" height=\"1024\" src=\"https:\/\/79bogota.com\/wp-content\/uploads\/2025\/05\/banera-vista-bogota-habitacion-zonat-79bogota-79-bogota-684x1024.jpg\" class=\"attachment-large size-large wp-image-1355\" alt=\"79bogota, 79Bogota, 79bogot\u00e1, 79Bogot\u00e1\" srcset=\"https:\/\/79bogota.com\/wp-content\/uploads\/2025\/05\/banera-vista-bogota-habitacion-zonat-79bogota-79-bogota-684x1024.jpg 684w, https:\/\/79bogota.com\/wp-content\/uploads\/2025\/05\/banera-vista-bogota-habitacion-zonat-79bogota-79-bogota-200x300.jpg 200w, https:\/\/79bogota.com\/wp-content\/uploads\/2025\/05\/banera-vista-bogota-habitacion-zonat-79bogota-79-bogota-768x1150.jpg 768w, https:\/\/79bogota.com\/wp-content\/uploads\/2025\/05\/banera-vista-bogota-habitacion-zonat-79bogota-79-bogota-1026x1536.jpg 1026w, https:\/\/79bogota.com\/wp-content\/uploads\/2025\/05\/banera-vista-bogota-habitacion-zonat-79bogota-79-bogota-1367x2048.jpg 1367w, https:\/\/79bogota.com\/wp-content\/uploads\/2025\/05\/banera-vista-bogota-habitacion-zonat-79bogota-79-bogota-8x12.jpg 8w, https:\/\/79bogota.com\/wp-content\/uploads\/2025\/05\/banera-vista-bogota-habitacion-zonat-79bogota-79-bogota.jpg 1709w\" sizes=\"(max-width: 684px) 100vw, 684px\" \/>\t\t\t\t\t\t\t\t\t\t\t\t\t\t\t<\/div>\n\t\t\t\t<\/div>\n\t\t\t\t<div class=\"elementor-element elementor-element-29c20da elementor-widget elementor-widget-image\" data-id=\"29c20da\" data-element_type=\"widget\" data-e-type=\"widget\" data-widget_type=\"image.default\">\n\t\t\t\t<div class=\"elementor-widget-container\">\n\t\t\t\t\t\t\t\t\t\t\t\t\t\t\t<img loading=\"lazy\" decoding=\"async\" width=\"683\" height=\"1024\" src=\"https:\/\/79bogota.com\/wp-content\/uploads\/2025\/05\/banera-detalle-zonat-79bogota-bogota-683x1024.jpg\" class=\"attachment-large size-large wp-image-1356\" alt=\"79bogota, 79Bogota, 79bogot\u00e1, 79Bogot\u00e1\" srcset=\"https:\/\/79bogota.com\/wp-content\/uploads\/2025\/05\/banera-detalle-zonat-79bogota-bogota-683x1024.jpg 683w, https:\/\/79bogota.com\/wp-content\/uploads\/2025\/05\/banera-detalle-zonat-79bogota-bogota-200x300.jpg 200w, https:\/\/79bogota.com\/wp-content\/uploads\/2025\/05\/banera-detalle-zonat-79bogota-bogota-768x1152.jpg 768w, https:\/\/79bogota.com\/wp-content\/uploads\/2025\/05\/banera-detalle-zonat-79bogota-bogota-1024x1536.jpg 1024w, https:\/\/79bogota.com\/wp-content\/uploads\/2025\/05\/banera-detalle-zonat-79bogota-bogota-1365x2048.jpg 1365w, https:\/\/79bogota.com\/wp-content\/uploads\/2025\/05\/banera-detalle-zonat-79bogota-bogota-8x12.jpg 8w, https:\/\/79bogota.com\/wp-content\/uploads\/2025\/05\/banera-detalle-zonat-79bogota-bogota.jpg 1707w\" sizes=\"(max-width: 683px) 100vw, 683px\" \/>\t\t\t\t\t\t\t\t\t\t\t\t\t\t\t<\/div>\n\t\t\t\t<\/div>\n\t\t\t\t<div class=\"elementor-element elementor-element-74943a0 elementor-widget elementor-widget-image\" data-id=\"74943a0\" data-element_type=\"widget\" data-e-type=\"widget\" data-widget_type=\"image.default\">\n\t\t\t\t<div class=\"elementor-widget-container\">\n\t\t\t\t\t\t\t\t\t\t\t\t\t\t\t<img loading=\"lazy\" decoding=\"async\" width=\"684\" height=\"1024\" src=\"https:\/\/79bogota.com\/wp-content\/uploads\/2025\/05\/banera-habitacion-zona-t-79bogota-bogota-684x1024.jpg\" class=\"attachment-large size-large wp-image-1357\" alt=\"\" srcset=\"https:\/\/79bogota.com\/wp-content\/uploads\/2025\/05\/banera-habitacion-zona-t-79bogota-bogota-684x1024.jpg 684w, https:\/\/79bogota.com\/wp-content\/uploads\/2025\/05\/banera-habitacion-zona-t-79bogota-bogota-200x300.jpg 200w, https:\/\/79bogota.com\/wp-content\/uploads\/2025\/05\/banera-habitacion-zona-t-79bogota-bogota-768x1150.jpg 768w, https:\/\/79bogota.com\/wp-content\/uploads\/2025\/05\/banera-habitacion-zona-t-79bogota-bogota-1026x1536.jpg 1026w, https:\/\/79bogota.com\/wp-content\/uploads\/2025\/05\/banera-habitacion-zona-t-79bogota-bogota-1367x2048.jpg 1367w, https:\/\/79bogota.com\/wp-content\/uploads\/2025\/05\/banera-habitacion-zona-t-79bogota-bogota-8x12.jpg 8w, https:\/\/79bogota.com\/wp-content\/uploads\/2025\/05\/banera-habitacion-zona-t-79bogota-bogota.jpg 1709w\" sizes=\"(max-width: 684px) 100vw, 684px\" \/>\t\t\t\t\t\t\t\t\t\t\t\t\t\t\t<\/div>\n\t\t\t\t<\/div>\n\t\t\t\t<div class=\"elementor-element elementor-element-e9cc016 elementor-widget elementor-widget-image\" data-id=\"e9cc016\" data-element_type=\"widget\" data-e-type=\"widget\" data-widget_type=\"image.default\">\n\t\t\t\t<div class=\"elementor-widget-container\">\n\t\t\t\t\t\t\t\t\t\t\t\t\t\t\t<img loading=\"lazy\" decoding=\"async\" width=\"683\" height=\"1024\" src=\"https:\/\/79bogota.com\/wp-content\/uploads\/2025\/05\/bano-detalle-habitacion-zona-t-79bogota-bogota-683x1024.jpg\" class=\"attachment-large size-large wp-image-1358\" alt=\"79bogota, 79Bogota, 79bogot\u00e1, 79Bogot\u00e1\" srcset=\"https:\/\/79bogota.com\/wp-content\/uploads\/2025\/05\/bano-detalle-habitacion-zona-t-79bogota-bogota-683x1024.jpg 683w, https:\/\/79bogota.com\/wp-content\/uploads\/2025\/05\/bano-detalle-habitacion-zona-t-79bogota-bogota-200x300.jpg 200w, https:\/\/79bogota.com\/wp-content\/uploads\/2025\/05\/bano-detalle-habitacion-zona-t-79bogota-bogota-768x1152.jpg 768w, https:\/\/79bogota.com\/wp-content\/uploads\/2025\/05\/bano-detalle-habitacion-zona-t-79bogota-bogota-1024x1536.jpg 1024w, https:\/\/79bogota.com\/wp-content\/uploads\/2025\/05\/bano-detalle-habitacion-zona-t-79bogota-bogota-1365x2048.jpg 1365w, https:\/\/79bogota.com\/wp-content\/uploads\/2025\/05\/bano-detalle-habitacion-zona-t-79bogota-bogota-8x12.jpg 8w, https:\/\/79bogota.com\/wp-content\/uploads\/2025\/05\/bano-detalle-habitacion-zona-t-79bogota-bogota.jpg 1707w\" sizes=\"(max-width: 683px) 100vw, 683px\" \/>\t\t\t\t\t\t\t\t\t\t\t\t\t\t\t<\/div>\n\t\t\t\t<\/div>\n\t\t\t\t<\/div>\n\t\t\t\t<\/div>\n\t\t<div class=\"elementor-element elementor-element-ed2952e e-con-full e-flex e-con e-child\" data-id=\"ed2952e\" data-element_type=\"container\" data-e-type=\"container\">\n\t\t\t\t<div class=\"elementor-element elementor-element-7cd634f elementor-widget elementor-widget-image\" data-id=\"7cd634f\" data-element_type=\"widget\" data-e-type=\"widget\" data-widget_type=\"image.default\">\n\t\t\t\t<div class=\"elementor-widget-container\">\n\t\t\t\t\t\t\t\t\t\t\t\t\t\t\t<img loading=\"lazy\" decoding=\"async\" width=\"800\" height=\"534\" src=\"https:\/\/79bogota.com\/wp-content\/uploads\/2025\/05\/bbq-zonat-79bogota-79-bogota-1024x684.jpg\" class=\"attachment-large size-large wp-image-1359\" alt=\"79bogota, 79Bogota, 79bogot\u00e1, 79Bogot\u00e1\" srcset=\"https:\/\/79bogota.com\/wp-content\/uploads\/2025\/05\/bbq-zonat-79bogota-79-bogota-1024x684.jpg 1024w, https:\/\/79bogota.com\/wp-content\/uploads\/2025\/05\/bbq-zonat-79bogota-79-bogota-300x200.jpg 300w, https:\/\/79bogota.com\/wp-content\/uploads\/2025\/05\/bbq-zonat-79bogota-79-bogota-768x513.jpg 768w, https:\/\/79bogota.com\/wp-content\/uploads\/2025\/05\/bbq-zonat-79bogota-79-bogota-1536x1026.jpg 1536w, https:\/\/79bogota.com\/wp-content\/uploads\/2025\/05\/bbq-zonat-79bogota-79-bogota-2048x1367.jpg 2048w, https:\/\/79bogota.com\/wp-content\/uploads\/2025\/05\/bbq-zonat-79bogota-79-bogota-18x12.jpg 18w\" sizes=\"(max-width: 800px) 100vw, 800px\" \/>\t\t\t\t\t\t\t\t\t\t\t\t\t\t\t<\/div>\n\t\t\t\t<\/div>\n\t\t\t\t<\/div>\n\t\t\t\t<\/div>\n\t\t\t\t\t<\/div>\n\t\t\t\t<\/div>\n\t\t\t\t\t<\/div>\n\t\t\t\t<\/div>\n\t\t<div class=\"elementor-element elementor-element-dc7c048 e-flex e-con-boxed e-con e-parent\" data-id=\"dc7c048\" data-element_type=\"container\" data-e-type=\"container\">\n\t\t\t\t\t<div class=\"e-con-inner\">\n\t\t<div class=\"elementor-element elementor-element-7766765 e-con-full e-flex e-con e-child\" data-id=\"7766765\" data-element_type=\"container\" data-e-type=\"container\">\n\t\t\t\t<div class=\"elementor-element elementor-element-eeb8963 elementor-align-center elementor-widget elementor-widget-button\" data-id=\"eeb8963\" data-element_type=\"widget\" data-e-type=\"widget\" data-widget_type=\"button.default\">\n\t\t\t\t<div class=\"elementor-widget-container\">\n\t\t\t\t\t\t\t\t\t<div class=\"elementor-button-wrapper\">\n\t\t\t\t\t<a class=\"elementor-button elementor-button-link elementor-size-sm\" href=\"https:\/\/frame2.hotelpms.io\/BookingFrameClient\/hotel\/20D26FA22E5A0FC667D1551E1AA29141\/b2f830c2-e391-4ab7-b5e3-d82110374536\/book\/rooms?currency=USD&#038;language=es-ES&#038;rp=\">\n\t\t\t\t\t\t<span class=\"elementor-button-content-wrapper\">\n\t\t\t\t\t\t\t\t\t<span class=\"elementor-button-text\">Book Now<\/span>\n\t\t\t\t\t<\/span>\n\t\t\t\t\t<\/a>\n\t\t\t\t<\/div>\n\t\t\t\t\t\t\t\t<\/div>\n\t\t\t\t<\/div>\n\t\t\t\t<\/div>\n\t\t\t\t\t<\/div>\n\t\t\t\t<\/div>\n\t\t\t\t<\/div>","protected":false},"excerpt":{"rendered":"<p>Boutique PH Tree View 65 Un extraordinario estudio con un ba\u00f1o amplio con luz natural privilegiada, tina y ducha aparte. Tendr\u00e1s acceso privado a una terraza con BBQ y vistas de la Bogot\u00e1 vibrante hacia el norte y de los cerros orientales hacia el este a trav\u00e9s de ventanas piso-techo. El estudio est\u00e1 equipado con [&hellip;]<\/p>\n","protected":false},"author":1,"featured_media":0,"parent":0,"menu_order":0,"comment_status":"closed","ping_status":"closed","template":"elementor_canvas","meta":{"footnotes":""},"class_list":["post-2202","page","type-page","status-publish","hentry"],"_links":{"self":[{"href":"https:\/\/79bogota.com\/en\/wp-json\/wp\/v2\/pages\/2202","targetHints":{"allow":["GET"]}}],"collection":[{"href":"https:\/\/79bogota.com\/en\/wp-json\/wp\/v2\/pages"}],"about":[{"href":"https:\/\/79bogota.com\/en\/wp-json\/wp\/v2\/types\/page"}],"author":[{"embeddable":true,"href":"https:\/\/79bogota.com\/en\/wp-json\/wp\/v2\/users\/1"}],"replies":[{"embeddable":true,"href":"https:\/\/79bogota.com\/en\/wp-json\/wp\/v2\/comments?post=2202"}],"version-history":[{"count":0,"href":"https:\/\/79bogota.com\/en\/wp-json\/wp\/v2\/pages\/2202\/revisions"}],"wp:attachment":[{"href":"https:\/\/79bogota.com\/en\/wp-json\/wp\/v2\/media?parent=2202"}],"curies":[{"name":"wp","href":"https:\/\/api.w.org\/{rel}","templated":true}]}}