{"id":2189,"date":"2025-05-28T23:51:14","date_gmt":"2025-05-28T23:51:14","guid":{"rendered":"https:\/\/79bogota.com\/?page_id=2189"},"modified":"2025-06-04T05:22:27","modified_gmt":"2025-06-04T05:22:27","slug":"boutique-ph-city-view-65","status":"publish","type":"page","link":"https:\/\/79bogota.com\/en\/boutique-ph-city-view-65\/","title":{"rendered":"Boutique PH City View 65"},"content":{"rendered":"<div data-elementor-type=\"wp-page\" data-elementor-id=\"2189\" class=\"elementor elementor-2189\">\n\t\t\t\t<div class=\"elementor-element elementor-element-d2d067f e-flex e-con-boxed e-con e-parent\" data-id=\"d2d067f\" data-element_type=\"container\" data-e-type=\"container\">\n\t\t\t\t\t<div class=\"e-con-inner\">\n\t\t<div class=\"elementor-element elementor-element-774da75 e-con-full e-flex e-con e-child\" data-id=\"774da75\" data-element_type=\"container\" data-e-type=\"container\">\n\t\t\t\t<div class=\"elementor-element elementor-element-16c1190 elementor-widget elementor-widget-heading\" data-id=\"16c1190\" data-element_type=\"widget\" data-e-type=\"widget\" data-widget_type=\"heading.default\">\n\t\t\t\t<div class=\"elementor-widget-container\">\n\t\t\t\t\t<h2 class=\"elementor-heading-title elementor-size-default\">Boutique PH City View 65<\/h2>\t\t\t\t<\/div>\n\t\t\t\t<\/div>\n\t\t\t\t<div class=\"elementor-element elementor-element-17b282f elementor-widget elementor-widget-text-editor\" data-id=\"17b282f\" data-element_type=\"widget\" data-e-type=\"widget\" data-widget_type=\"text-editor.default\">\n\t\t\t\t<div class=\"elementor-widget-container\">\n\t\t\t\t\t\t\t\t\t<p style=\"text-align: left;\">This apartment offers a spacious bedroom and living room with kitchen, with a large dining table for four people and a sofa bed. Two complete bathrooms with exceptional zenithal lighting, bar, and amenities for your maximum comfort, including a full-sized fridge and freezer and washing\/drying machine. Enjoy views of the city through the green balcony and floor-to-ceiling windows.\u00a0<\/p><ul><li>65m2 apartment with private green balcony.<\/li><li>One bedroom with a king-size bed.<\/li><li>100% fine-cotton 400-thread-count sheets.<\/li><li>Two full bathrooms, one with private access through the bedroom.<\/li><li>Loto del Sur personal care products.<\/li><li>Living room with sofa bed.<\/li><li>Dining table for four people.<\/li><li>Bar.<\/li><li>Fully equipped kitchen.<\/li><li>Electric stove.<\/li><li>Full-size refrigerator with freezer.<\/li><li>Oven and kettle.<\/li><li>Nespresso or French Press.<\/li><li>Washer\/Dryer.<\/li><li>300 megas private internet.<\/li><li>Two Smart TVs, include DirecTV (DGO) and apps like Netflix and Amazon Prime.<\/li><li>Safe-deposit box.<\/li><li>Additional items upon request: blender, microwave, ironing board and iron, extra blankets, baby kit (crib-playpen, portable bathtub, high chair for eating, dishes and utensils).<\/li><li>Hotel services: 24-hour concierge, laundry, transportation, and personalized grocery shopping.<\/li><\/ul>\t\t\t\t\t\t\t\t<\/div>\n\t\t\t\t<\/div>\n\t\t\t\t<\/div>\n\t\t<div class=\"elementor-element elementor-element-2e8fc71 e-con-full e-flex e-con e-child\" data-id=\"2e8fc71\" data-element_type=\"container\" data-e-type=\"container\">\n\t\t\t\t<div class=\"elementor-element elementor-element-517b93f elementor-widget elementor-widget-image\" data-id=\"517b93f\" data-element_type=\"widget\" data-e-type=\"widget\" data-widget_type=\"image.default\">\n\t\t\t\t<div class=\"elementor-widget-container\">\n\t\t\t\t\t\t\t\t\t\t\t\t\t\t\t<img fetchpriority=\"high\" decoding=\"async\" width=\"800\" height=\"533\" src=\"https:\/\/79bogota.com\/wp-content\/uploads\/2025\/05\/habitacion-vista-jardin-79bogota-79-bogota-zonat-zonna-t-bogota-1024x682.jpg\" class=\"attachment-large size-large wp-image-1335\" alt=\"79bogota, 79Bogota, 79bogot\u00e1, 79Bogot\u00e1\" srcset=\"https:\/\/79bogota.com\/wp-content\/uploads\/2025\/05\/habitacion-vista-jardin-79bogota-79-bogota-zonat-zonna-t-bogota-1024x682.jpg 1024w, https:\/\/79bogota.com\/wp-content\/uploads\/2025\/05\/habitacion-vista-jardin-79bogota-79-bogota-zonat-zonna-t-bogota-300x200.jpg 300w, https:\/\/79bogota.com\/wp-content\/uploads\/2025\/05\/habitacion-vista-jardin-79bogota-79-bogota-zonat-zonna-t-bogota-768x511.jpg 768w, https:\/\/79bogota.com\/wp-content\/uploads\/2025\/05\/habitacion-vista-jardin-79bogota-79-bogota-zonat-zonna-t-bogota-1536x1023.jpg 1536w, https:\/\/79bogota.com\/wp-content\/uploads\/2025\/05\/habitacion-vista-jardin-79bogota-79-bogota-zonat-zonna-t-bogota-2048x1364.jpg 2048w, https:\/\/79bogota.com\/wp-content\/uploads\/2025\/05\/habitacion-vista-jardin-79bogota-79-bogota-zonat-zonna-t-bogota-18x12.jpg 18w\" sizes=\"(max-width: 800px) 100vw, 800px\" \/>\t\t\t\t\t\t\t\t\t\t\t\t\t\t\t<\/div>\n\t\t\t\t<\/div>\n\t\t<div class=\"elementor-element elementor-element-6a9ee92 e-con-full e-flex e-con e-child\" data-id=\"6a9ee92\" data-element_type=\"container\" data-e-type=\"container\">\n\t\t\t\t<div class=\"elementor-element elementor-element-067d2c4 elementor-widget elementor-widget-image\" data-id=\"067d2c4\" data-element_type=\"widget\" data-e-type=\"widget\" data-widget_type=\"image.default\">\n\t\t\t\t<div class=\"elementor-widget-container\">\n\t\t\t\t\t\t\t\t\t\t\t\t\t\t\t<img decoding=\"async\" width=\"800\" height=\"533\" src=\"https:\/\/79bogota.com\/wp-content\/uploads\/2025\/05\/habitacion-79bogota-79-bogota-zonat-zonna-t-bogota-1024x682.jpg\" class=\"attachment-large size-large wp-image-1336\" alt=\"79bogota, 79Bogota, 79bogot\u00e1, 79Bogot\u00e1\" srcset=\"https:\/\/79bogota.com\/wp-content\/uploads\/2025\/05\/habitacion-79bogota-79-bogota-zonat-zonna-t-bogota-1024x682.jpg 1024w, https:\/\/79bogota.com\/wp-content\/uploads\/2025\/05\/habitacion-79bogota-79-bogota-zonat-zonna-t-bogota-300x200.jpg 300w, https:\/\/79bogota.com\/wp-content\/uploads\/2025\/05\/habitacion-79bogota-79-bogota-zonat-zonna-t-bogota-768x511.jpg 768w, https:\/\/79bogota.com\/wp-content\/uploads\/2025\/05\/habitacion-79bogota-79-bogota-zonat-zonna-t-bogota-1536x1023.jpg 1536w, https:\/\/79bogota.com\/wp-content\/uploads\/2025\/05\/habitacion-79bogota-79-bogota-zonat-zonna-t-bogota-2048x1364.jpg 2048w, https:\/\/79bogota.com\/wp-content\/uploads\/2025\/05\/habitacion-79bogota-79-bogota-zonat-zonna-t-bogota-18x12.jpg 18w\" sizes=\"(max-width: 800px) 100vw, 800px\" \/>\t\t\t\t\t\t\t\t\t\t\t\t\t\t\t<\/div>\n\t\t\t\t<\/div>\n\t\t<div class=\"elementor-element elementor-element-b2eb76e e-grid e-con-full e-con e-child\" data-id=\"b2eb76e\" data-element_type=\"container\" data-e-type=\"container\">\n\t\t\t\t<div class=\"elementor-element elementor-element-c1128b1 elementor-widget elementor-widget-image\" data-id=\"c1128b1\" data-element_type=\"widget\" data-e-type=\"widget\" data-widget_type=\"image.default\">\n\t\t\t\t<div class=\"elementor-widget-container\">\n\t\t\t\t\t\t\t\t\t\t\t\t\t\t\t<img decoding=\"async\" width=\"683\" height=\"1024\" src=\"https:\/\/79bogota.com\/wp-content\/uploads\/2025\/05\/estadia-bano-dotacion-79bogota-79-bogota-683x1024.jpg\" class=\"attachment-large size-large wp-image-1338\" alt=\"79bogota, 79Bogota, 79bogot\u00e1, 79Bogot\u00e1\" srcset=\"https:\/\/79bogota.com\/wp-content\/uploads\/2025\/05\/estadia-bano-dotacion-79bogota-79-bogota-683x1024.jpg 683w, https:\/\/79bogota.com\/wp-content\/uploads\/2025\/05\/estadia-bano-dotacion-79bogota-79-bogota-200x300.jpg 200w, https:\/\/79bogota.com\/wp-content\/uploads\/2025\/05\/estadia-bano-dotacion-79bogota-79-bogota-768x1152.jpg 768w, https:\/\/79bogota.com\/wp-content\/uploads\/2025\/05\/estadia-bano-dotacion-79bogota-79-bogota-1024x1536.jpg 1024w, https:\/\/79bogota.com\/wp-content\/uploads\/2025\/05\/estadia-bano-dotacion-79bogota-79-bogota-1365x2048.jpg 1365w, https:\/\/79bogota.com\/wp-content\/uploads\/2025\/05\/estadia-bano-dotacion-79bogota-79-bogota-8x12.jpg 8w, https:\/\/79bogota.com\/wp-content\/uploads\/2025\/05\/estadia-bano-dotacion-79bogota-79-bogota.jpg 1707w\" sizes=\"(max-width: 683px) 100vw, 683px\" \/>\t\t\t\t\t\t\t\t\t\t\t\t\t\t\t<\/div>\n\t\t\t\t<\/div>\n\t\t\t\t<div class=\"elementor-element elementor-element-0843126 elementor-widget elementor-widget-image\" data-id=\"0843126\" data-element_type=\"widget\" data-e-type=\"widget\" data-widget_type=\"image.default\">\n\t\t\t\t<div class=\"elementor-widget-container\">\n\t\t\t\t\t\t\t\t\t\t\t\t\t\t\t<img loading=\"lazy\" decoding=\"async\" width=\"683\" height=\"1024\" src=\"https:\/\/79bogota.com\/wp-content\/uploads\/2025\/05\/cocina-cristal-eventos-79bogota-79-bogota-683x1024.jpg\" class=\"attachment-large size-large wp-image-1339\" alt=\"79bogota, 79Bogota, 79bogot\u00e1, 79Bogot\u00e1\" srcset=\"https:\/\/79bogota.com\/wp-content\/uploads\/2025\/05\/cocina-cristal-eventos-79bogota-79-bogota-683x1024.jpg 683w, https:\/\/79bogota.com\/wp-content\/uploads\/2025\/05\/cocina-cristal-eventos-79bogota-79-bogota-200x300.jpg 200w, https:\/\/79bogota.com\/wp-content\/uploads\/2025\/05\/cocina-cristal-eventos-79bogota-79-bogota-768x1152.jpg 768w, https:\/\/79bogota.com\/wp-content\/uploads\/2025\/05\/cocina-cristal-eventos-79bogota-79-bogota-1024x1536.jpg 1024w, https:\/\/79bogota.com\/wp-content\/uploads\/2025\/05\/cocina-cristal-eventos-79bogota-79-bogota-1365x2048.jpg 1365w, https:\/\/79bogota.com\/wp-content\/uploads\/2025\/05\/cocina-cristal-eventos-79bogota-79-bogota-8x12.jpg 8w, https:\/\/79bogota.com\/wp-content\/uploads\/2025\/05\/cocina-cristal-eventos-79bogota-79-bogota.jpg 1707w\" sizes=\"(max-width: 683px) 100vw, 683px\" \/>\t\t\t\t\t\t\t\t\t\t\t\t\t\t\t<\/div>\n\t\t\t\t<\/div>\n\t\t\t\t<div class=\"elementor-element elementor-element-62a2b07 elementor-widget elementor-widget-image\" data-id=\"62a2b07\" data-element_type=\"widget\" data-e-type=\"widget\" data-widget_type=\"image.default\">\n\t\t\t\t<div class=\"elementor-widget-container\">\n\t\t\t\t\t\t\t\t\t\t\t\t\t\t\t<img loading=\"lazy\" decoding=\"async\" width=\"683\" height=\"1024\" src=\"https:\/\/79bogota.com\/wp-content\/uploads\/2025\/05\/cocina-habitacion-79bogota-zonat-79-bogota-683x1024.jpg\" class=\"attachment-large size-large wp-image-1340\" alt=\"\" srcset=\"https:\/\/79bogota.com\/wp-content\/uploads\/2025\/05\/cocina-habitacion-79bogota-zonat-79-bogota-683x1024.jpg 683w, https:\/\/79bogota.com\/wp-content\/uploads\/2025\/05\/cocina-habitacion-79bogota-zonat-79-bogota-200x300.jpg 200w, https:\/\/79bogota.com\/wp-content\/uploads\/2025\/05\/cocina-habitacion-79bogota-zonat-79-bogota-768x1152.jpg 768w, https:\/\/79bogota.com\/wp-content\/uploads\/2025\/05\/cocina-habitacion-79bogota-zonat-79-bogota-1024x1536.jpg 1024w, https:\/\/79bogota.com\/wp-content\/uploads\/2025\/05\/cocina-habitacion-79bogota-zonat-79-bogota-1365x2048.jpg 1365w, https:\/\/79bogota.com\/wp-content\/uploads\/2025\/05\/cocina-habitacion-79bogota-zonat-79-bogota-8x12.jpg 8w, https:\/\/79bogota.com\/wp-content\/uploads\/2025\/05\/cocina-habitacion-79bogota-zonat-79-bogota.jpg 1707w\" sizes=\"(max-width: 683px) 100vw, 683px\" \/>\t\t\t\t\t\t\t\t\t\t\t\t\t\t\t<\/div>\n\t\t\t\t<\/div>\n\t\t\t\t<div class=\"elementor-element elementor-element-d51e920 elementor-widget elementor-widget-image\" data-id=\"d51e920\" data-element_type=\"widget\" data-e-type=\"widget\" data-widget_type=\"image.default\">\n\t\t\t\t<div class=\"elementor-widget-container\">\n\t\t\t\t\t\t\t\t\t\t\t\t\t\t\t<img loading=\"lazy\" decoding=\"async\" width=\"683\" height=\"1024\" src=\"https:\/\/79bogota.com\/wp-content\/uploads\/2025\/05\/habitacion-79bogota-vista-zonat-naturaleza-79bogota-683x1024.jpg\" class=\"attachment-large size-large wp-image-1344\" alt=\"habitaci\u00f3n-79bogot\u00e1-vista-zonat-naturaleza-79bogot\u00e1\" srcset=\"https:\/\/79bogota.com\/wp-content\/uploads\/2025\/05\/habitacion-79bogota-vista-zonat-naturaleza-79bogota-683x1024.jpg 683w, https:\/\/79bogota.com\/wp-content\/uploads\/2025\/05\/habitacion-79bogota-vista-zonat-naturaleza-79bogota-200x300.jpg 200w, https:\/\/79bogota.com\/wp-content\/uploads\/2025\/05\/habitacion-79bogota-vista-zonat-naturaleza-79bogota-768x1152.jpg 768w, https:\/\/79bogota.com\/wp-content\/uploads\/2025\/05\/habitacion-79bogota-vista-zonat-naturaleza-79bogota-1024x1536.jpg 1024w, https:\/\/79bogota.com\/wp-content\/uploads\/2025\/05\/habitacion-79bogota-vista-zonat-naturaleza-79bogota-1365x2048.jpg 1365w, https:\/\/79bogota.com\/wp-content\/uploads\/2025\/05\/habitacion-79bogota-vista-zonat-naturaleza-79bogota-8x12.jpg 8w, https:\/\/79bogota.com\/wp-content\/uploads\/2025\/05\/habitacion-79bogota-vista-zonat-naturaleza-79bogota.jpg 1707w\" sizes=\"(max-width: 683px) 100vw, 683px\" \/>\t\t\t\t\t\t\t\t\t\t\t\t\t\t\t<\/div>\n\t\t\t\t<\/div>\n\t\t\t\t<div class=\"elementor-element elementor-element-bbade79 elementor-widget elementor-widget-image\" data-id=\"bbade79\" data-element_type=\"widget\" data-e-type=\"widget\" data-widget_type=\"image.default\">\n\t\t\t\t<div class=\"elementor-widget-container\">\n\t\t\t\t\t\t\t\t\t\t\t\t\t\t\t<img loading=\"lazy\" decoding=\"async\" width=\"682\" height=\"1024\" src=\"https:\/\/79bogota.com\/wp-content\/uploads\/2025\/05\/habitacion-79bogota-detalle-79-bogota-682x1024.jpg\" class=\"attachment-large size-large wp-image-1347\" alt=\"79bogota, 79Bogota, 79bogot\u00e1, 79Bogot\u00e1\" srcset=\"https:\/\/79bogota.com\/wp-content\/uploads\/2025\/05\/habitacion-79bogota-detalle-79-bogota-682x1024.jpg 682w, https:\/\/79bogota.com\/wp-content\/uploads\/2025\/05\/habitacion-79bogota-detalle-79-bogota-200x300.jpg 200w, https:\/\/79bogota.com\/wp-content\/uploads\/2025\/05\/habitacion-79bogota-detalle-79-bogota-768x1153.jpg 768w, https:\/\/79bogota.com\/wp-content\/uploads\/2025\/05\/habitacion-79bogota-detalle-79-bogota-1023x1536.jpg 1023w, https:\/\/79bogota.com\/wp-content\/uploads\/2025\/05\/habitacion-79bogota-detalle-79-bogota-1364x2048.jpg 1364w, https:\/\/79bogota.com\/wp-content\/uploads\/2025\/05\/habitacion-79bogota-detalle-79-bogota-8x12.jpg 8w, https:\/\/79bogota.com\/wp-content\/uploads\/2025\/05\/habitacion-79bogota-detalle-79-bogota.jpg 1705w\" sizes=\"(max-width: 682px) 100vw, 682px\" \/>\t\t\t\t\t\t\t\t\t\t\t\t\t\t\t<\/div>\n\t\t\t\t<\/div>\n\t\t\t\t<div class=\"elementor-element elementor-element-2dcb677 elementor-widget elementor-widget-image\" data-id=\"2dcb677\" data-element_type=\"widget\" data-e-type=\"widget\" data-widget_type=\"image.default\">\n\t\t\t\t<div class=\"elementor-widget-container\">\n\t\t\t\t\t\t\t\t\t\t\t\t\t\t\t<img loading=\"lazy\" decoding=\"async\" width=\"683\" height=\"1024\" src=\"https:\/\/79bogota.com\/wp-content\/uploads\/2025\/05\/habitacion-79bogota-banera-79bogota-luz-natural-79-bogota-683x1024.jpg\" class=\"attachment-large size-large wp-image-1346\" alt=\"\" srcset=\"https:\/\/79bogota.com\/wp-content\/uploads\/2025\/05\/habitacion-79bogota-banera-79bogota-luz-natural-79-bogota-683x1024.jpg 683w, https:\/\/79bogota.com\/wp-content\/uploads\/2025\/05\/habitacion-79bogota-banera-79bogota-luz-natural-79-bogota-200x300.jpg 200w, https:\/\/79bogota.com\/wp-content\/uploads\/2025\/05\/habitacion-79bogota-banera-79bogota-luz-natural-79-bogota-768x1152.jpg 768w, https:\/\/79bogota.com\/wp-content\/uploads\/2025\/05\/habitacion-79bogota-banera-79bogota-luz-natural-79-bogota-1024x1536.jpg 1024w, https:\/\/79bogota.com\/wp-content\/uploads\/2025\/05\/habitacion-79bogota-banera-79bogota-luz-natural-79-bogota-1365x2048.jpg 1365w, https:\/\/79bogota.com\/wp-content\/uploads\/2025\/05\/habitacion-79bogota-banera-79bogota-luz-natural-79-bogota-8x12.jpg 8w, https:\/\/79bogota.com\/wp-content\/uploads\/2025\/05\/habitacion-79bogota-banera-79bogota-luz-natural-79-bogota.jpg 1707w\" sizes=\"(max-width: 683px) 100vw, 683px\" \/>\t\t\t\t\t\t\t\t\t\t\t\t\t\t\t<\/div>\n\t\t\t\t<\/div>\n\t\t\t\t<div class=\"elementor-element elementor-element-b499083 elementor-widget elementor-widget-image\" data-id=\"b499083\" data-element_type=\"widget\" data-e-type=\"widget\" data-widget_type=\"image.default\">\n\t\t\t\t<div class=\"elementor-widget-container\">\n\t\t\t\t\t\t\t\t\t\t\t\t\t\t\t<img loading=\"lazy\" decoding=\"async\" width=\"666\" height=\"1000\" src=\"https:\/\/79bogota.com\/wp-content\/uploads\/2025\/05\/dotacion-banos-79bogota-79-bogota.jpg\" class=\"attachment-large size-large wp-image-1341\" alt=\"79bogota, 79Bogota, 79bogot\u00e1, 79Bogot\u00e1\" srcset=\"https:\/\/79bogota.com\/wp-content\/uploads\/2025\/05\/dotacion-banos-79bogota-79-bogota.jpg 666w, https:\/\/79bogota.com\/wp-content\/uploads\/2025\/05\/dotacion-banos-79bogota-79-bogota-200x300.jpg 200w, https:\/\/79bogota.com\/wp-content\/uploads\/2025\/05\/dotacion-banos-79bogota-79-bogota-8x12.jpg 8w\" sizes=\"(max-width: 666px) 100vw, 666px\" \/>\t\t\t\t\t\t\t\t\t\t\t\t\t\t\t<\/div>\n\t\t\t\t<\/div>\n\t\t\t\t<div class=\"elementor-element elementor-element-6ab84c5 elementor-widget elementor-widget-image\" data-id=\"6ab84c5\" data-element_type=\"widget\" data-e-type=\"widget\" data-widget_type=\"image.default\">\n\t\t\t\t<div class=\"elementor-widget-container\">\n\t\t\t\t\t\t\t\t\t\t\t\t\t\t\t<img loading=\"lazy\" decoding=\"async\" width=\"682\" height=\"1024\" src=\"https:\/\/79bogota.com\/wp-content\/uploads\/2025\/05\/habitacion-79bogota-vista-bano-detalle-79_bogota-682x1024.jpg\" class=\"attachment-large size-large wp-image-1342\" alt=\"79bogota, 79Bogota, 79bogot\u00e1, 79Bogot\u00e1\" srcset=\"https:\/\/79bogota.com\/wp-content\/uploads\/2025\/05\/habitacion-79bogota-vista-bano-detalle-79_bogota-682x1024.jpg 682w, https:\/\/79bogota.com\/wp-content\/uploads\/2025\/05\/habitacion-79bogota-vista-bano-detalle-79_bogota-200x300.jpg 200w, https:\/\/79bogota.com\/wp-content\/uploads\/2025\/05\/habitacion-79bogota-vista-bano-detalle-79_bogota-768x1153.jpg 768w, https:\/\/79bogota.com\/wp-content\/uploads\/2025\/05\/habitacion-79bogota-vista-bano-detalle-79_bogota-1023x1536.jpg 1023w, https:\/\/79bogota.com\/wp-content\/uploads\/2025\/05\/habitacion-79bogota-vista-bano-detalle-79_bogota-1364x2048.jpg 1364w, https:\/\/79bogota.com\/wp-content\/uploads\/2025\/05\/habitacion-79bogota-vista-bano-detalle-79_bogota-8x12.jpg 8w, https:\/\/79bogota.com\/wp-content\/uploads\/2025\/05\/habitacion-79bogota-vista-bano-detalle-79_bogota.jpg 1705w\" sizes=\"(max-width: 682px) 100vw, 682px\" \/>\t\t\t\t\t\t\t\t\t\t\t\t\t\t\t<\/div>\n\t\t\t\t<\/div>\n\t\t\t\t<div class=\"elementor-element elementor-element-e6e7ea5 elementor-widget elementor-widget-image\" data-id=\"e6e7ea5\" data-element_type=\"widget\" data-e-type=\"widget\" data-widget_type=\"image.default\">\n\t\t\t\t<div class=\"elementor-widget-container\">\n\t\t\t\t\t\t\t\t\t\t\t\t\t\t\t<img loading=\"lazy\" decoding=\"async\" width=\"683\" height=\"1024\" src=\"https:\/\/79bogota.com\/wp-content\/uploads\/2025\/05\/zona-t-79bogota-vista-79-bogota-luz-natural-79-bogota-683x1024.jpg\" class=\"attachment-large size-large wp-image-1345\" alt=\"79bogota, 79Bogota, 79bogot\u00e1, 79Bogot\u00e1\" srcset=\"https:\/\/79bogota.com\/wp-content\/uploads\/2025\/05\/zona-t-79bogota-vista-79-bogota-luz-natural-79-bogota-683x1024.jpg 683w, https:\/\/79bogota.com\/wp-content\/uploads\/2025\/05\/zona-t-79bogota-vista-79-bogota-luz-natural-79-bogota-200x300.jpg 200w, https:\/\/79bogota.com\/wp-content\/uploads\/2025\/05\/zona-t-79bogota-vista-79-bogota-luz-natural-79-bogota-768x1152.jpg 768w, https:\/\/79bogota.com\/wp-content\/uploads\/2025\/05\/zona-t-79bogota-vista-79-bogota-luz-natural-79-bogota-1024x1536.jpg 1024w, https:\/\/79bogota.com\/wp-content\/uploads\/2025\/05\/zona-t-79bogota-vista-79-bogota-luz-natural-79-bogota-1365x2048.jpg 1365w, https:\/\/79bogota.com\/wp-content\/uploads\/2025\/05\/zona-t-79bogota-vista-79-bogota-luz-natural-79-bogota-8x12.jpg 8w, https:\/\/79bogota.com\/wp-content\/uploads\/2025\/05\/zona-t-79bogota-vista-79-bogota-luz-natural-79-bogota.jpg 1707w\" sizes=\"(max-width: 683px) 100vw, 683px\" \/>\t\t\t\t\t\t\t\t\t\t\t\t\t\t\t<\/div>\n\t\t\t\t<\/div>\n\t\t\t\t<\/div>\n\t\t\t\t<\/div>\n\t\t<div class=\"elementor-element elementor-element-209baf7 e-con-full e-flex e-con e-child\" data-id=\"209baf7\" data-element_type=\"container\" data-e-type=\"container\">\n\t\t\t\t<div class=\"elementor-element elementor-element-dba6672 elementor-widget elementor-widget-image\" data-id=\"dba6672\" data-element_type=\"widget\" data-e-type=\"widget\" data-widget_type=\"image.default\">\n\t\t\t\t<div class=\"elementor-widget-container\">\n\t\t\t\t\t\t\t\t\t\t\t\t\t\t\t<img loading=\"lazy\" decoding=\"async\" width=\"800\" height=\"533\" src=\"https:\/\/79bogota.com\/wp-content\/uploads\/2025\/05\/79bogota-79-bogota-habitacion-vista-sala-artesanias-colombia-1024x682.jpg\" class=\"attachment-large size-large wp-image-1343\" alt=\"79bogota, 79Bogota, 79bogot\u00e1, 79Bogot\u00e1\" srcset=\"https:\/\/79bogota.com\/wp-content\/uploads\/2025\/05\/79bogota-79-bogota-habitacion-vista-sala-artesanias-colombia-1024x682.jpg 1024w, https:\/\/79bogota.com\/wp-content\/uploads\/2025\/05\/79bogota-79-bogota-habitacion-vista-sala-artesanias-colombia-300x200.jpg 300w, https:\/\/79bogota.com\/wp-content\/uploads\/2025\/05\/79bogota-79-bogota-habitacion-vista-sala-artesanias-colombia-768x511.jpg 768w, https:\/\/79bogota.com\/wp-content\/uploads\/2025\/05\/79bogota-79-bogota-habitacion-vista-sala-artesanias-colombia-1536x1023.jpg 1536w, https:\/\/79bogota.com\/wp-content\/uploads\/2025\/05\/79bogota-79-bogota-habitacion-vista-sala-artesanias-colombia-2048x1364.jpg 2048w, https:\/\/79bogota.com\/wp-content\/uploads\/2025\/05\/79bogota-79-bogota-habitacion-vista-sala-artesanias-colombia-18x12.jpg 18w\" sizes=\"(max-width: 800px) 100vw, 800px\" \/>\t\t\t\t\t\t\t\t\t\t\t\t\t\t\t<\/div>\n\t\t\t\t<\/div>\n\t\t\t\t<\/div>\n\t\t\t\t<\/div>\n\t\t\t\t\t<\/div>\n\t\t\t\t<\/div>\n\t\t<div class=\"elementor-element elementor-element-93dfbc2 e-flex e-con-boxed e-con e-parent\" data-id=\"93dfbc2\" data-element_type=\"container\" data-e-type=\"container\">\n\t\t\t\t\t<div class=\"e-con-inner\">\n\t\t\t\t<div class=\"elementor-element elementor-element-2690f3f elementor-align-center elementor-widget elementor-widget-button\" data-id=\"2690f3f\" data-element_type=\"widget\" data-e-type=\"widget\" data-widget_type=\"button.default\">\n\t\t\t\t<div class=\"elementor-widget-container\">\n\t\t\t\t\t\t\t\t\t<div class=\"elementor-button-wrapper\">\n\t\t\t\t\t<a class=\"elementor-button elementor-button-link elementor-size-sm\" href=\"https:\/\/frame2.hotelpms.io\/BookingFrameClient\/hotel\/20D26FA22E5A0FC667D1551E1AA29141\/b2f830c2-e391-4ab7-b5e3-d82110374536\/book\/rooms?currency=USD&#038;language=es-ES&#038;rp=\">\n\t\t\t\t\t\t<span class=\"elementor-button-content-wrapper\">\n\t\t\t\t\t\t\t\t\t<span class=\"elementor-button-text\">Book Now<\/span>\n\t\t\t\t\t<\/span>\n\t\t\t\t\t<\/a>\n\t\t\t\t<\/div>\n\t\t\t\t\t\t\t\t<\/div>\n\t\t\t\t<\/div>\n\t\t\t\t\t<\/div>\n\t\t\t\t<\/div>\n\t\t\t\t<\/div>","protected":false},"excerpt":{"rendered":"<p>Boutique PH City View 65 Este apartamento ofrece una habitaci\u00f3n y sala-cocina amplia, con comedor para cuatro personas y un sof\u00e1-cama. Dos ba\u00f1os completos con privilegiada luz cenital, bar, y amenidades para tu m\u00e1xima comodidad, incluyendo nevera y congelador de tama\u00f1o completo y lavadora\/secadora. Disfruta de las vistas a la ciudad a trav\u00e9s del balc\u00f3n [&hellip;]<\/p>\n","protected":false},"author":1,"featured_media":0,"parent":0,"menu_order":0,"comment_status":"closed","ping_status":"closed","template":"elementor_canvas","meta":{"footnotes":""},"class_list":["post-2189","page","type-page","status-publish","hentry"],"_links":{"self":[{"href":"https:\/\/79bogota.com\/en\/wp-json\/wp\/v2\/pages\/2189","targetHints":{"allow":["GET"]}}],"collection":[{"href":"https:\/\/79bogota.com\/en\/wp-json\/wp\/v2\/pages"}],"about":[{"href":"https:\/\/79bogota.com\/en\/wp-json\/wp\/v2\/types\/page"}],"author":[{"embeddable":true,"href":"https:\/\/79bogota.com\/en\/wp-json\/wp\/v2\/users\/1"}],"replies":[{"embeddable":true,"href":"https:\/\/79bogota.com\/en\/wp-json\/wp\/v2\/comments?post=2189"}],"version-history":[{"count":0,"href":"https:\/\/79bogota.com\/en\/wp-json\/wp\/v2\/pages\/2189\/revisions"}],"wp:attachment":[{"href":"https:\/\/79bogota.com\/en\/wp-json\/wp\/v2\/media?parent=2189"}],"curies":[{"name":"wp","href":"https:\/\/api.w.org\/{rel}","templated":true}]}}